{"id":664,"date":"2022-11-02T15:22:44","date_gmt":"2022-11-02T14:22:44","guid":{"rendered":"https:\/\/lhorlogedeflore.com\/collections\/"},"modified":"2025-03-13T14:58:04","modified_gmt":"2025-03-13T13:58:04","slug":"collections","status":"publish","type":"page","link":"https:\/\/lhorlogedeflore.com\/en\/collections\/","title":{"rendered":"Collections"},"content":{"rendered":"\t\t<div data-elementor-type=\"wp-page\" data-elementor-id=\"664\" class=\"elementor elementor-664 elementor-101\" data-elementor-settings=\"{&quot;ha_cmc_init_switcher&quot;:&quot;no&quot;}\" data-elementor-post-type=\"page\">\n\t\t\t\t\t\t<section class=\"elementor-section elementor-top-section elementor-element elementor-element-0ad676c elementor-section-boxed elementor-section-height-default elementor-section-height-default\" data-id=\"0ad676c\" data-element_type=\"section\">\n\t\t\t\t\t\t<div class=\"elementor-container elementor-column-gap-default\">\n\t\t\t\t\t<div class=\"elementor-column elementor-col-100 elementor-top-column elementor-element elementor-element-b90d38f\" data-id=\"b90d38f\" data-element_type=\"column\">\n\t\t\t<div class=\"elementor-widget-wrap elementor-element-populated\">\n\t\t\t\t\t\t<div class=\"elementor-element elementor-element-8e9ce3f elementor-widget elementor-widget-spacer\" data-id=\"8e9ce3f\" data-element_type=\"widget\" data-widget_type=\"spacer.default\">\n\t\t\t\t<div class=\"elementor-widget-container\">\n\t\t\t\t\t\t\t<div class=\"elementor-spacer\">\n\t\t\t<div class=\"elementor-spacer-inner\"><\/div>\n\t\t<\/div>\n\t\t\t\t\t\t<\/div>\n\t\t\t\t<\/div>\n\t\t\t\t<div class=\"elementor-element elementor-element-702ce72 animated-slow elementor-invisible elementor-widget elementor-widget-heading\" data-id=\"702ce72\" data-element_type=\"widget\" data-settings=\"{&quot;_animation&quot;:&quot;fadeInUp&quot;,&quot;_animation_delay&quot;:100}\" data-widget_type=\"heading.default\">\n\t\t\t\t<div class=\"elementor-widget-container\">\n\t\t\t\t\t<h3 class=\"elementor-heading-title elementor-size-small\">Twelve fragrances divided into 3 collections.<\/h3>\t\t\t\t<\/div>\n\t\t\t\t<\/div>\n\t\t\t\t<div class=\"elementor-element elementor-element-9514c3c animated-slow elementor-invisible elementor-widget elementor-widget-heading\" data-id=\"9514c3c\" data-element_type=\"widget\" data-settings=\"{&quot;_animation&quot;:&quot;fadeInUp&quot;}\" data-widget_type=\"heading.default\">\n\t\t\t\t<div class=\"elementor-widget-container\">\n\t\t\t\t\t<h2 class=\"elementor-heading-title elementor-size-default\">The Creative Signatures<\/h2>\t\t\t\t<\/div>\n\t\t\t\t<\/div>\n\t\t\t\t<div class=\"elementor-element elementor-element-c0fa64c animated-slow elementor-invisible elementor-widget elementor-widget-text-editor\" data-id=\"c0fa64c\" data-element_type=\"widget\" data-settings=\"{&quot;_animation&quot;:&quot;fadeIn&quot;,&quot;_animation_delay&quot;:100}\" data-widget_type=\"text-editor.default\">\n\t\t\t\t<div class=\"elementor-widget-container\">\n\t\t\t\t\t\t\t\t\t<p class=\"p1\" style=\"text-align: center;\"><span class=\"s1\">The first four original compositions from the signature of the perfumer\u2019s creativity and the concept of L\u2019Horloge de Flore.<\/span><\/p>\n\t\t\t\t\t\t\t\t<\/div>\n\t\t\t\t<\/div>\n\t\t\t\t<section class=\"elementor-section elementor-inner-section elementor-element elementor-element-3b206bd elementor-section-boxed elementor-section-height-default elementor-section-height-default\" data-id=\"3b206bd\" data-element_type=\"section\">\n\t\t\t\t\t\t<div class=\"elementor-container elementor-column-gap-no\">\n\t\t\t\t\t<div class=\"elementor-column elementor-col-25 elementor-inner-column elementor-element elementor-element-e613643\" data-id=\"e613643\" data-element_type=\"column\">\n\t\t\t<div class=\"elementor-widget-wrap elementor-element-populated\">\n\t\t\t\t\t\t<div class=\"elementor-element elementor-element-82dd64b ha-advanced-tooltip-enable ha-advanced-tooltip-bottom elementor-widget elementor-widget-image\" data-id=\"82dd64b\" data-element_type=\"widget\" data-settings=\"{&quot;ha_advanced_tooltip_content&quot;:&quot;A la Brune&quot;,&quot;ha_advanced_tooltip_enable&quot;:&quot;enable&quot;,&quot;ha_advanced_tooltip_position&quot;:&quot;bottom&quot;,&quot;ha_advanced_tooltip_duration&quot;:1000,&quot;ha_advanced_tooltip_arrow&quot;:&quot;true&quot;,&quot;ha_advanced_tooltip_trigger&quot;:&quot;hover&quot;}\" data-widget_type=\"image.default\">\n\t\t\t\t<div class=\"elementor-widget-container\">\n\t\t\t\t\t\t\t\t\t\t\t\t\t\t\t\t<a href=\"https:\/\/lhorlogedeflore.com\/parfum\/a-la-brune\/\">\n\t\t\t\t\t\t\t<img fetchpriority=\"high\" decoding=\"async\" width=\"300\" height=\"300\" src=\"https:\/\/lhorlogedeflore.com\/wp-content\/uploads\/2022\/11\/IX-ALaBrune-LesSignaturesCreatives-HFPerfumes-parfum-300x300.jpg\" class=\"attachment-medium size-medium wp-image-1519\" alt=\"A la Brune eau de parfum bottle from the &quot;Les Signatures Cr\u00e9atives&quot; collection by the French brand L&#039;Horloge de Flore born in Grasse.\" srcset=\"https:\/\/lhorlogedeflore.com\/wp-content\/uploads\/2022\/11\/IX-ALaBrune-LesSignaturesCreatives-HFPerfumes-parfum-300x300.jpg 300w, https:\/\/lhorlogedeflore.com\/wp-content\/uploads\/2022\/11\/IX-ALaBrune-LesSignaturesCreatives-HFPerfumes-parfum-150x150.jpg 150w, https:\/\/lhorlogedeflore.com\/wp-content\/uploads\/2022\/11\/IX-ALaBrune-LesSignaturesCreatives-HFPerfumes-parfum-768x768.jpg 768w, https:\/\/lhorlogedeflore.com\/wp-content\/uploads\/2022\/11\/IX-ALaBrune-LesSignaturesCreatives-HFPerfumes-parfum-600x600.jpg 600w, https:\/\/lhorlogedeflore.com\/wp-content\/uploads\/2022\/11\/IX-ALaBrune-LesSignaturesCreatives-HFPerfumes-parfum-100x100.jpg 100w, https:\/\/lhorlogedeflore.com\/wp-content\/uploads\/2022\/11\/IX-ALaBrune-LesSignaturesCreatives-HFPerfumes-parfum.jpg 800w\" sizes=\"(max-width: 300px) 100vw, 300px\" \/>\t\t\t\t\t\t\t\t<\/a>\n\t\t\t\t\t\t\t\t\t\t\t\t\t\t\t<\/div>\n\t\t\t\t<\/div>\n\t\t\t\t\t<\/div>\n\t\t<\/div>\n\t\t\t\t<div class=\"elementor-column elementor-col-25 elementor-inner-column elementor-element elementor-element-de5c317\" data-id=\"de5c317\" data-element_type=\"column\">\n\t\t\t<div class=\"elementor-widget-wrap elementor-element-populated\">\n\t\t\t\t\t\t<div class=\"elementor-element elementor-element-098414a ha-advanced-tooltip-enable ha-advanced-tooltip-bottom elementor-widget elementor-widget-image\" data-id=\"098414a\" data-element_type=\"widget\" data-settings=\"{&quot;ha_advanced_tooltip_content&quot;:&quot;Au Cr\\u00e9puscule de Morph\\u00e9e&quot;,&quot;ha_advanced_tooltip_enable&quot;:&quot;enable&quot;,&quot;ha_advanced_tooltip_position&quot;:&quot;bottom&quot;,&quot;ha_advanced_tooltip_duration&quot;:1000,&quot;ha_advanced_tooltip_arrow&quot;:&quot;true&quot;,&quot;ha_advanced_tooltip_trigger&quot;:&quot;hover&quot;}\" data-widget_type=\"image.default\">\n\t\t\t\t<div class=\"elementor-widget-container\">\n\t\t\t\t\t\t\t\t\t\t\t\t\t\t\t\t<a href=\"https:\/\/lhorlogedeflore.com\/parfum\/au-crepuscule-de-morphee\/\">\n\t\t\t\t\t\t\t<img decoding=\"async\" width=\"300\" height=\"300\" src=\"https:\/\/lhorlogedeflore.com\/wp-content\/uploads\/2022\/11\/X-AuCrepusculeDeMorphee-LesSignaturesCreatives-HFPerfumes-parfum-300x300.jpg\" class=\"attachment-medium size-medium wp-image-1525\" alt=\"100 ml bottle of Au Cr\u00e9puscule de Morph\u00e9e eau de parfum from the Signatures Cr\u00e9atives collection by l&#039;Horloge de Flore, a French brand born in Grasse.\" srcset=\"https:\/\/lhorlogedeflore.com\/wp-content\/uploads\/2022\/11\/X-AuCrepusculeDeMorphee-LesSignaturesCreatives-HFPerfumes-parfum-300x300.jpg 300w, https:\/\/lhorlogedeflore.com\/wp-content\/uploads\/2022\/11\/X-AuCrepusculeDeMorphee-LesSignaturesCreatives-HFPerfumes-parfum-150x150.jpg 150w, https:\/\/lhorlogedeflore.com\/wp-content\/uploads\/2022\/11\/X-AuCrepusculeDeMorphee-LesSignaturesCreatives-HFPerfumes-parfum-768x768.jpg 768w, https:\/\/lhorlogedeflore.com\/wp-content\/uploads\/2022\/11\/X-AuCrepusculeDeMorphee-LesSignaturesCreatives-HFPerfumes-parfum-600x600.jpg 600w, https:\/\/lhorlogedeflore.com\/wp-content\/uploads\/2022\/11\/X-AuCrepusculeDeMorphee-LesSignaturesCreatives-HFPerfumes-parfum-100x100.jpg 100w, https:\/\/lhorlogedeflore.com\/wp-content\/uploads\/2022\/11\/X-AuCrepusculeDeMorphee-LesSignaturesCreatives-HFPerfumes-parfum.jpg 800w\" sizes=\"(max-width: 300px) 100vw, 300px\" \/>\t\t\t\t\t\t\t\t<\/a>\n\t\t\t\t\t\t\t\t\t\t\t\t\t\t\t<\/div>\n\t\t\t\t<\/div>\n\t\t\t\t\t<\/div>\n\t\t<\/div>\n\t\t\t\t<div class=\"elementor-column elementor-col-25 elementor-inner-column elementor-element elementor-element-fb376c5\" data-id=\"fb376c5\" data-element_type=\"column\">\n\t\t\t<div class=\"elementor-widget-wrap elementor-element-populated\">\n\t\t\t\t\t\t<div class=\"elementor-element elementor-element-d1e4044 ha-advanced-tooltip-enable ha-advanced-tooltip-bottom elementor-widget elementor-widget-image\" data-id=\"d1e4044\" data-element_type=\"widget\" data-settings=\"{&quot;ha_advanced_tooltip_content&quot;:&quot;A l&#039;Heure Miroir 11H11&quot;,&quot;ha_advanced_tooltip_enable&quot;:&quot;enable&quot;,&quot;ha_advanced_tooltip_position&quot;:&quot;bottom&quot;,&quot;ha_advanced_tooltip_duration&quot;:1000,&quot;ha_advanced_tooltip_arrow&quot;:&quot;true&quot;,&quot;ha_advanced_tooltip_trigger&quot;:&quot;hover&quot;}\" data-widget_type=\"image.default\">\n\t\t\t\t<div class=\"elementor-widget-container\">\n\t\t\t\t\t\t\t\t\t\t\t\t\t\t\t\t<a href=\"https:\/\/lhorlogedeflore.com\/parfum\/a-lheure-miroir-11h11\/\">\n\t\t\t\t\t\t\t<img decoding=\"async\" width=\"300\" height=\"300\" src=\"https:\/\/lhorlogedeflore.com\/wp-content\/uploads\/2022\/11\/XI-AlHeureMiroir11H11-LesSignaturesCreatives-HFPerfumes-parfum-300x300.jpg\" class=\"attachment-medium size-medium wp-image-1516\" alt=\"Bottle of A l&#039;Heure Miroir 11H11 eau de parfum from the &quot;Les Signatures Cr\u00e9atives&quot; collection from the French brand l&#039;Horloge de Flore.\" srcset=\"https:\/\/lhorlogedeflore.com\/wp-content\/uploads\/2022\/11\/XI-AlHeureMiroir11H11-LesSignaturesCreatives-HFPerfumes-parfum-300x300.jpg 300w, https:\/\/lhorlogedeflore.com\/wp-content\/uploads\/2022\/11\/XI-AlHeureMiroir11H11-LesSignaturesCreatives-HFPerfumes-parfum-150x150.jpg 150w, https:\/\/lhorlogedeflore.com\/wp-content\/uploads\/2022\/11\/XI-AlHeureMiroir11H11-LesSignaturesCreatives-HFPerfumes-parfum-768x768.jpg 768w, https:\/\/lhorlogedeflore.com\/wp-content\/uploads\/2022\/11\/XI-AlHeureMiroir11H11-LesSignaturesCreatives-HFPerfumes-parfum-600x600.jpg 600w, https:\/\/lhorlogedeflore.com\/wp-content\/uploads\/2022\/11\/XI-AlHeureMiroir11H11-LesSignaturesCreatives-HFPerfumes-parfum-100x100.jpg 100w, https:\/\/lhorlogedeflore.com\/wp-content\/uploads\/2022\/11\/XI-AlHeureMiroir11H11-LesSignaturesCreatives-HFPerfumes-parfum.jpg 800w\" sizes=\"(max-width: 300px) 100vw, 300px\" \/>\t\t\t\t\t\t\t\t<\/a>\n\t\t\t\t\t\t\t\t\t\t\t\t\t\t\t<\/div>\n\t\t\t\t<\/div>\n\t\t\t\t\t<\/div>\n\t\t<\/div>\n\t\t\t\t<div class=\"elementor-column elementor-col-25 elementor-inner-column elementor-element elementor-element-445f0ad\" data-id=\"445f0ad\" data-element_type=\"column\">\n\t\t\t<div class=\"elementor-widget-wrap elementor-element-populated\">\n\t\t\t\t\t\t<div class=\"elementor-element elementor-element-d546828 ha-advanced-tooltip-enable ha-advanced-tooltip-bottom elementor-widget elementor-widget-image\" data-id=\"d546828\" data-element_type=\"widget\" data-settings=\"{&quot;ha_advanced_tooltip_content&quot;:&quot;En un Tour de Cadran&quot;,&quot;ha_advanced_tooltip_enable&quot;:&quot;enable&quot;,&quot;ha_advanced_tooltip_position&quot;:&quot;bottom&quot;,&quot;ha_advanced_tooltip_duration&quot;:1000,&quot;ha_advanced_tooltip_arrow&quot;:&quot;true&quot;,&quot;ha_advanced_tooltip_trigger&quot;:&quot;hover&quot;}\" data-widget_type=\"image.default\">\n\t\t\t\t<div class=\"elementor-widget-container\">\n\t\t\t\t\t\t\t\t\t\t\t\t\t\t\t\t<a href=\"https:\/\/lhorlogedeflore.com\/parfum\/en-un-tour-de-cadran\/\">\n\t\t\t\t\t\t\t<img loading=\"lazy\" decoding=\"async\" width=\"300\" height=\"300\" src=\"https:\/\/lhorlogedeflore.com\/wp-content\/uploads\/2022\/11\/XII-EnUnTourDeCadran-LesSignaturesCreatives-HFPerfumes-parfum-300x300.jpg\" class=\"attachment-medium size-medium wp-image-1522\" alt=\"Bottle of En un Tour de Cadran eau de parfum from the &quot;Les Signatures Cr\u00e9atives&quot; collection of the Horloge de Flore, a French brand born in Grasse.\" srcset=\"https:\/\/lhorlogedeflore.com\/wp-content\/uploads\/2022\/11\/XII-EnUnTourDeCadran-LesSignaturesCreatives-HFPerfumes-parfum-300x300.jpg 300w, https:\/\/lhorlogedeflore.com\/wp-content\/uploads\/2022\/11\/XII-EnUnTourDeCadran-LesSignaturesCreatives-HFPerfumes-parfum-150x150.jpg 150w, https:\/\/lhorlogedeflore.com\/wp-content\/uploads\/2022\/11\/XII-EnUnTourDeCadran-LesSignaturesCreatives-HFPerfumes-parfum-768x768.jpg 768w, https:\/\/lhorlogedeflore.com\/wp-content\/uploads\/2022\/11\/XII-EnUnTourDeCadran-LesSignaturesCreatives-HFPerfumes-parfum-600x600.jpg 600w, https:\/\/lhorlogedeflore.com\/wp-content\/uploads\/2022\/11\/XII-EnUnTourDeCadran-LesSignaturesCreatives-HFPerfumes-parfum-100x100.jpg 100w, https:\/\/lhorlogedeflore.com\/wp-content\/uploads\/2022\/11\/XII-EnUnTourDeCadran-LesSignaturesCreatives-HFPerfumes-parfum.jpg 800w\" sizes=\"(max-width: 300px) 100vw, 300px\" \/>\t\t\t\t\t\t\t\t<\/a>\n\t\t\t\t\t\t\t\t\t\t\t\t\t\t\t<\/div>\n\t\t\t\t<\/div>\n\t\t\t\t\t<\/div>\n\t\t<\/div>\n\t\t\t\t\t<\/div>\n\t\t<\/section>\n\t\t\t\t<div class=\"elementor-element elementor-element-d76edcd elementor-widget elementor-widget-spacer\" data-id=\"d76edcd\" data-element_type=\"widget\" data-widget_type=\"spacer.default\">\n\t\t\t\t<div class=\"elementor-widget-container\">\n\t\t\t\t\t\t\t<div class=\"elementor-spacer\">\n\t\t\t<div class=\"elementor-spacer-inner\"><\/div>\n\t\t<\/div>\n\t\t\t\t\t\t<\/div>\n\t\t\t\t<\/div>\n\t\t\t\t<div class=\"elementor-element elementor-element-3f07e32 elementor-widget elementor-widget-button\" data-id=\"3f07e32\" data-element_type=\"widget\" data-widget_type=\"button.default\">\n\t\t\t\t<div class=\"elementor-widget-container\">\n\t\t\t\t\t\t\t\t\t<div class=\"elementor-button-wrapper\">\n\t\t\t\t\t<a class=\"elementor-button elementor-button-link elementor-size-sm\" href=\"https:\/\/lhorlogedeflore.com\/en\/perfumes\/\">\n\t\t\t\t\t\t<span class=\"elementor-button-content-wrapper\">\n\t\t\t\t\t\t\t\t\t<span class=\"elementor-button-text\">Discover the creative signatures<\/span>\n\t\t\t\t\t<\/span>\n\t\t\t\t\t<\/a>\n\t\t\t\t<\/div>\n\t\t\t\t\t\t\t\t<\/div>\n\t\t\t\t<\/div>\n\t\t\t\t<div class=\"elementor-element elementor-element-fa76634 elementor-widget elementor-widget-spacer\" data-id=\"fa76634\" data-element_type=\"widget\" data-widget_type=\"spacer.default\">\n\t\t\t\t<div class=\"elementor-widget-container\">\n\t\t\t\t\t\t\t<div class=\"elementor-spacer\">\n\t\t\t<div class=\"elementor-spacer-inner\"><\/div>\n\t\t<\/div>\n\t\t\t\t\t\t<\/div>\n\t\t\t\t<\/div>\n\t\t\t\t<div class=\"elementor-element elementor-element-93c3ef1 animated-slow elementor-invisible elementor-widget elementor-widget-text-editor\" data-id=\"93c3ef1\" data-element_type=\"widget\" data-settings=\"{&quot;_animation&quot;:&quot;zoomIn&quot;,&quot;_animation_delay&quot;:100}\" data-widget_type=\"text-editor.default\">\n\t\t\t\t<div class=\"elementor-widget-container\">\n\t\t\t\t\t\t\t\t\t<p class=\"p1\" style=\"text-align: center;\"><span class=\"s1\">Two more collections to come&#8230;<\/span><\/p>\n\t\t\t\t\t\t\t\t<\/div>\n\t\t\t\t<\/div>\n\t\t\t\t\t<\/div>\n\t\t<\/div>\n\t\t\t\t\t<\/div>\n\t\t<\/section>\n\t\t\t\t<\/div>\n\t\t","protected":false},"excerpt":{"rendered":"<p>Twelve fragrances divided into 3 collections. The Creative Signatures The first four original compositions from the signature of the perfumer\u2019s creativity and the concept of L\u2019Horloge de Flore. Discover the creative signatures Two more collections to come&#8230;<\/p>\n","protected":false},"author":1,"featured_media":0,"parent":0,"menu_order":0,"comment_status":"closed","ping_status":"closed","template":"elementor_header_footer","meta":{"inline_featured_image":false,"footnotes":""},"class_list":["post-664","page","type-page","status-publish","hentry"],"yoast_head":"<!-- This site is optimized with the Yoast SEO plugin v26.2 - https:\/\/yoast.com\/wordpress\/plugins\/seo\/ -->\n<title>Collections - L&#039;Horloge de Flore<\/title>\n<meta name=\"description\" content=\"The collections of L&#039;Horloge de Flore with their unique fragrances created according to the concept of Linn\u00e6us&#039; Clock: &quot;A flower for each hour.&quot;\" \/>\n<meta name=\"robots\" content=\"index, follow, max-snippet:-1, max-image-preview:large, max-video-preview:-1\" \/>\n<link rel=\"canonical\" href=\"https:\/\/lhorlogedeflore.com\/en\/collections\/\" \/>\n<meta property=\"og:locale\" content=\"en_US\" \/>\n<meta property=\"og:type\" content=\"article\" \/>\n<meta property=\"og:title\" content=\"Collections - L&#039;Horloge de Flore\" \/>\n<meta property=\"og:description\" content=\"The collections of L&#039;Horloge de Flore with their unique fragrances created according to the concept of Linn\u00e6us&#039; Clock: &quot;A flower for each hour.&quot;\" \/>\n<meta property=\"og:url\" content=\"https:\/\/lhorlogedeflore.com\/en\/collections\/\" \/>\n<meta property=\"og:site_name\" content=\"L&#039;Horloge de Flore\" \/>\n<meta property=\"article:publisher\" content=\"https:\/\/www.facebook.com\/l.horloge.de.flore\" \/>\n<meta property=\"article:modified_time\" content=\"2025-03-13T13:58:04+00:00\" \/>\n<meta property=\"og:image\" content=\"https:\/\/lhorlogedeflore.com\/wp-content\/uploads\/2022\/11\/IX-ALaBrune-LesSignaturesCreatives-HFPerfumes-parfum.jpg\" \/>\n\t<meta property=\"og:image:width\" content=\"800\" \/>\n\t<meta property=\"og:image:height\" content=\"800\" \/>\n\t<meta property=\"og:image:type\" content=\"image\/jpeg\" \/>\n<meta name=\"twitter:card\" content=\"summary_large_image\" \/>\n<meta name=\"twitter:label1\" content=\"Est. reading time\" \/>\n\t<meta name=\"twitter:data1\" content=\"1 minute\" \/>\n<script type=\"application\/ld+json\" class=\"yoast-schema-graph\">{\"@context\":\"https:\/\/schema.org\",\"@graph\":[{\"@type\":\"WebPage\",\"@id\":\"https:\/\/lhorlogedeflore.com\/en\/collections\/\",\"url\":\"https:\/\/lhorlogedeflore.com\/en\/collections\/\",\"name\":\"Collections - L&#039;Horloge de Flore\",\"isPartOf\":{\"@id\":\"https:\/\/lhorlogedeflore.com\/en\/#website\"},\"primaryImageOfPage\":{\"@id\":\"https:\/\/lhorlogedeflore.com\/en\/collections\/#primaryimage\"},\"image\":{\"@id\":\"https:\/\/lhorlogedeflore.com\/en\/collections\/#primaryimage\"},\"thumbnailUrl\":\"https:\/\/lhorlogedeflore.com\/wp-content\/uploads\/2022\/11\/IX-ALaBrune-LesSignaturesCreatives-HFPerfumes-parfum-300x300.jpg\",\"datePublished\":\"2022-11-02T14:22:44+00:00\",\"dateModified\":\"2025-03-13T13:58:04+00:00\",\"description\":\"The collections of L'Horloge de Flore with their unique fragrances created according to the concept of Linn\u00e6us' Clock: \\\"A flower for each hour.\\\"\",\"breadcrumb\":{\"@id\":\"https:\/\/lhorlogedeflore.com\/en\/collections\/#breadcrumb\"},\"inLanguage\":\"en-US\",\"potentialAction\":[{\"@type\":\"ReadAction\",\"target\":[\"https:\/\/lhorlogedeflore.com\/en\/collections\/\"]}]},{\"@type\":\"ImageObject\",\"inLanguage\":\"en-US\",\"@id\":\"https:\/\/lhorlogedeflore.com\/en\/collections\/#primaryimage\",\"url\":\"https:\/\/lhorlogedeflore.com\/wp-content\/uploads\/2022\/11\/IX-ALaBrune-LesSignaturesCreatives-HFPerfumes-parfum-300x300.jpg\",\"contentUrl\":\"https:\/\/lhorlogedeflore.com\/wp-content\/uploads\/2022\/11\/IX-ALaBrune-LesSignaturesCreatives-HFPerfumes-parfum-300x300.jpg\"},{\"@type\":\"BreadcrumbList\",\"@id\":\"https:\/\/lhorlogedeflore.com\/en\/collections\/#breadcrumb\",\"itemListElement\":[{\"@type\":\"ListItem\",\"position\":1,\"name\":\"Home\",\"item\":\"https:\/\/lhorlogedeflore.com\/en\/home\/\"},{\"@type\":\"ListItem\",\"position\":2,\"name\":\"Collections\"}]},{\"@type\":\"WebSite\",\"@id\":\"https:\/\/lhorlogedeflore.com\/en\/#website\",\"url\":\"https:\/\/lhorlogedeflore.com\/en\/\",\"name\":\"L&#039;Horloge de Flore\",\"description\":\"At every hour, a flower, a fragrance.\",\"publisher\":{\"@id\":\"https:\/\/lhorlogedeflore.com\/en\/#organization\"},\"alternateName\":\"A chaque heure sa fleur, son parfum\",\"potentialAction\":[{\"@type\":\"SearchAction\",\"target\":{\"@type\":\"EntryPoint\",\"urlTemplate\":\"https:\/\/lhorlogedeflore.com\/en\/?s={search_term_string}\"},\"query-input\":{\"@type\":\"PropertyValueSpecification\",\"valueRequired\":true,\"valueName\":\"search_term_string\"}}],\"inLanguage\":\"en-US\"},{\"@type\":\"Organization\",\"@id\":\"https:\/\/lhorlogedeflore.com\/en\/#organization\",\"name\":\"L'Horloge de Flore\",\"alternateName\":\"Every hour, a flower\",\"url\":\"https:\/\/lhorlogedeflore.com\/en\/\",\"logo\":{\"@type\":\"ImageObject\",\"inLanguage\":\"en-US\",\"@id\":\"https:\/\/lhorlogedeflore.com\/en\/#\/schema\/logo\/image\/\",\"url\":\"https:\/\/lhorlogedeflore.com\/wp-content\/uploads\/2022\/11\/HdF-logo-Lineaire-512.png\",\"contentUrl\":\"https:\/\/lhorlogedeflore.com\/wp-content\/uploads\/2022\/11\/HdF-logo-Lineaire-512.png\",\"width\":512,\"height\":172,\"caption\":\"L'Horloge de Flore\"},\"image\":{\"@id\":\"https:\/\/lhorlogedeflore.com\/en\/#\/schema\/logo\/image\/\"},\"sameAs\":[\"https:\/\/www.facebook.com\/l.horloge.de.flore\",\"https:\/\/www.instagram.com\/l.horloge.de.flore\/?hl=fr\"]}]}<\/script>\n<!-- \/ Yoast SEO plugin. -->","yoast_head_json":{"title":"Collections - L&#039;Horloge de Flore","description":"The collections of L'Horloge de Flore with their unique fragrances created according to the concept of Linn\u00e6us' Clock: \"A flower for each hour.\"","robots":{"index":"index","follow":"follow","max-snippet":"max-snippet:-1","max-image-preview":"max-image-preview:large","max-video-preview":"max-video-preview:-1"},"canonical":"https:\/\/lhorlogedeflore.com\/en\/collections\/","og_locale":"en_US","og_type":"article","og_title":"Collections - L&#039;Horloge de Flore","og_description":"The collections of L'Horloge de Flore with their unique fragrances created according to the concept of Linn\u00e6us' Clock: \"A flower for each hour.\"","og_url":"https:\/\/lhorlogedeflore.com\/en\/collections\/","og_site_name":"L&#039;Horloge de Flore","article_publisher":"https:\/\/www.facebook.com\/l.horloge.de.flore","article_modified_time":"2025-03-13T13:58:04+00:00","og_image":[{"width":800,"height":800,"url":"https:\/\/lhorlogedeflore.com\/wp-content\/uploads\/2022\/11\/IX-ALaBrune-LesSignaturesCreatives-HFPerfumes-parfum.jpg","type":"image\/jpeg"}],"twitter_card":"summary_large_image","twitter_misc":{"Est. reading time":"1 minute"},"schema":{"@context":"https:\/\/schema.org","@graph":[{"@type":"WebPage","@id":"https:\/\/lhorlogedeflore.com\/en\/collections\/","url":"https:\/\/lhorlogedeflore.com\/en\/collections\/","name":"Collections - L&#039;Horloge de Flore","isPartOf":{"@id":"https:\/\/lhorlogedeflore.com\/en\/#website"},"primaryImageOfPage":{"@id":"https:\/\/lhorlogedeflore.com\/en\/collections\/#primaryimage"},"image":{"@id":"https:\/\/lhorlogedeflore.com\/en\/collections\/#primaryimage"},"thumbnailUrl":"https:\/\/lhorlogedeflore.com\/wp-content\/uploads\/2022\/11\/IX-ALaBrune-LesSignaturesCreatives-HFPerfumes-parfum-300x300.jpg","datePublished":"2022-11-02T14:22:44+00:00","dateModified":"2025-03-13T13:58:04+00:00","description":"The collections of L'Horloge de Flore with their unique fragrances created according to the concept of Linn\u00e6us' Clock: \"A flower for each hour.\"","breadcrumb":{"@id":"https:\/\/lhorlogedeflore.com\/en\/collections\/#breadcrumb"},"inLanguage":"en-US","potentialAction":[{"@type":"ReadAction","target":["https:\/\/lhorlogedeflore.com\/en\/collections\/"]}]},{"@type":"ImageObject","inLanguage":"en-US","@id":"https:\/\/lhorlogedeflore.com\/en\/collections\/#primaryimage","url":"https:\/\/lhorlogedeflore.com\/wp-content\/uploads\/2022\/11\/IX-ALaBrune-LesSignaturesCreatives-HFPerfumes-parfum-300x300.jpg","contentUrl":"https:\/\/lhorlogedeflore.com\/wp-content\/uploads\/2022\/11\/IX-ALaBrune-LesSignaturesCreatives-HFPerfumes-parfum-300x300.jpg"},{"@type":"BreadcrumbList","@id":"https:\/\/lhorlogedeflore.com\/en\/collections\/#breadcrumb","itemListElement":[{"@type":"ListItem","position":1,"name":"Home","item":"https:\/\/lhorlogedeflore.com\/en\/home\/"},{"@type":"ListItem","position":2,"name":"Collections"}]},{"@type":"WebSite","@id":"https:\/\/lhorlogedeflore.com\/en\/#website","url":"https:\/\/lhorlogedeflore.com\/en\/","name":"L&#039;Horloge de Flore","description":"At every hour, a flower, a fragrance.","publisher":{"@id":"https:\/\/lhorlogedeflore.com\/en\/#organization"},"alternateName":"A chaque heure sa fleur, son parfum","potentialAction":[{"@type":"SearchAction","target":{"@type":"EntryPoint","urlTemplate":"https:\/\/lhorlogedeflore.com\/en\/?s={search_term_string}"},"query-input":{"@type":"PropertyValueSpecification","valueRequired":true,"valueName":"search_term_string"}}],"inLanguage":"en-US"},{"@type":"Organization","@id":"https:\/\/lhorlogedeflore.com\/en\/#organization","name":"L'Horloge de Flore","alternateName":"Every hour, a flower","url":"https:\/\/lhorlogedeflore.com\/en\/","logo":{"@type":"ImageObject","inLanguage":"en-US","@id":"https:\/\/lhorlogedeflore.com\/en\/#\/schema\/logo\/image\/","url":"https:\/\/lhorlogedeflore.com\/wp-content\/uploads\/2022\/11\/HdF-logo-Lineaire-512.png","contentUrl":"https:\/\/lhorlogedeflore.com\/wp-content\/uploads\/2022\/11\/HdF-logo-Lineaire-512.png","width":512,"height":172,"caption":"L'Horloge de Flore"},"image":{"@id":"https:\/\/lhorlogedeflore.com\/en\/#\/schema\/logo\/image\/"},"sameAs":["https:\/\/www.facebook.com\/l.horloge.de.flore","https:\/\/www.instagram.com\/l.horloge.de.flore\/?hl=fr"]}]}},"_links":{"self":[{"href":"https:\/\/lhorlogedeflore.com\/en\/wp-json\/wp\/v2\/pages\/664","targetHints":{"allow":["GET"]}}],"collection":[{"href":"https:\/\/lhorlogedeflore.com\/en\/wp-json\/wp\/v2\/pages"}],"about":[{"href":"https:\/\/lhorlogedeflore.com\/en\/wp-json\/wp\/v2\/types\/page"}],"author":[{"embeddable":true,"href":"https:\/\/lhorlogedeflore.com\/en\/wp-json\/wp\/v2\/users\/1"}],"replies":[{"embeddable":true,"href":"https:\/\/lhorlogedeflore.com\/en\/wp-json\/wp\/v2\/comments?post=664"}],"version-history":[{"count":2,"href":"https:\/\/lhorlogedeflore.com\/en\/wp-json\/wp\/v2\/pages\/664\/revisions"}],"predecessor-version":[{"id":3949,"href":"https:\/\/lhorlogedeflore.com\/en\/wp-json\/wp\/v2\/pages\/664\/revisions\/3949"}],"wp:attachment":[{"href":"https:\/\/lhorlogedeflore.com\/en\/wp-json\/wp\/v2\/media?parent=664"}],"curies":[{"name":"wp","href":"https:\/\/api.w.org\/{rel}","templated":true}]}}